{"id":3,"date":"2026-05-07T07:59:34","date_gmt":"2026-05-07T07:59:34","guid":{"rendered":"https:\/\/malpracticeturkiye.com\/?page_id=3"},"modified":"2026-05-07T12:07:19","modified_gmt":"2026-05-07T12:07:19","slug":"privacy-policy","status":"publish","type":"page","link":"https:\/\/malpracticeturkiye.com\/tr_tr\/privacy-policy\/","title":{"rendered":"Privacy Policy"},"content":{"rendered":"\n<h2 class=\"wp-block-heading\"><strong>Hakk\u0131m\u0131zda<\/strong><\/h2>\n\n\n\n<p class=\"ext-animate--on\">Hukuk b\u00fcromuz, \u00f6zellikle&nbsp;<strong>t\u0131bbi uygulama hatalar\u0131<\/strong>, di\u011fer ad\u0131yla&nbsp;<strong>malpractice<\/strong>&nbsp;alan\u0131nda hasta haklar\u0131n\u0131n korunmas\u0131 ve ma\u011fduriyetlerin giderilmesi i\u00e7in hukuki destek sunmaktad\u0131r.<\/p>\n\n\n\n<p class=\"ext-animate--on\">Yanl\u0131\u015f te\u015fhis, hatal\u0131 tedavi, cerrahi m\u00fcdahale hatalar\u0131, do\u011fum komplikasyonlar\u0131, estetik operasyonlardan kaynaklanan zararlar, di\u015f tedavisi hatalar\u0131 ve sa\u011fl\u0131k hizmeti s\u00fcrecinde meydana gelen ihmal iddialar\u0131nda m\u00fcvekkillerimizin haklar\u0131n\u0131 titizlikle takip ediyoruz.<\/p>\n\n\n\n<p class=\"ext-animate--on\">Amac\u0131m\u0131z, ya\u015fanan ma\u011fduriyetin hukuki boyutunu do\u011fru \u015fekilde de\u011ferlendirmek, gerekli delilleri toplamak, uzman g\u00f6r\u00fc\u015fleriyle s\u00fcreci desteklemek ve m\u00fcvekkillerimizin hak etti\u011fi tazminata ula\u015fmas\u0131 i\u00e7in etkili bir hukuki yol haritas\u0131 olu\u015fturmakt\u0131r.<\/p>\n\n\n\n<p class=\"ext-animate--on\">Her dosyay\u0131 kendi \u00f6zel ko\u015fullar\u0131 i\u00e7inde de\u011ferlendiriyor; \u015feffaf, g\u00fcvenilir ve \u00e7\u00f6z\u00fcm odakl\u0131 bir hizmet anlay\u0131\u015f\u0131yla hareket ediyoruz.<\/p>\n\n\n\n<h2 class=\"wp-block-heading ext-animate--on\">Neden Bize \u0130htiyac\u0131n Var<\/h2>\n\n\n\n<p class=\"ext-animate--on\">T\u0131bbi malpraktis vakalar\u0131, T\u00fcrk sa\u011fl\u0131k d\u00fczenlemelerinin ve hasta haklar\u0131n\u0131n karma\u015f\u0131kl\u0131klar\u0131nda gezinmek i\u00e7in \u00f6zel hukuk uzmanl\u0131\u011f\u0131 gerektirir.<\/p>\n\n\n\n<p class=\"ext-animate--on\">T\u00fcrkiye&#8217;de ihmalkar di\u015f tedavileri, sa\u00e7 ekimi veya kozmetik prosed\u00fcrlerden muzdarip uluslararas\u0131 hastalara \u00f6zel yasal destek sa\u011fl\u0131yoruz.<\/p>\n\n\n\n<p class=\"ext-animate--on\">T\u0131bbi malpraktis hukuku konusundaki tecr\u00fcbemizle, davan\u0131z\u0131n kapsaml\u0131 bir \u015fekilde ara\u015ft\u0131r\u0131lmas\u0131n\u0131, kan\u0131tlar\u0131n uygun \u015fekilde toplanmas\u0131n\u0131 ve talebinizin etkili bir \u015fekilde takip edilmesini sa\u011fl\u0131yoruz.<\/p>\n\n\n\n<p class=\"ext-animate--on\">Amac\u0131m\u0131z ihmalkar klinikleri sorumlu tutmak ve hak etti\u011finiz tazminat\u0131 g\u00fcvence alt\u0131na almakt\u0131r.<\/p>\n\n\n\n<p><\/p>\n","protected":false},"excerpt":{"rendered":"<p>Hakk\u0131m\u0131zda Hukuk b\u00fcromuz, \u00f6zellikle&nbsp;t\u0131bbi uygulama hatalar\u0131, di\u011fer ad\u0131yla&nbsp;malpractice&nbsp;alan\u0131nda hasta haklar\u0131n\u0131n korunmas\u0131 ve ma\u011fduriyetlerin giderilmesi i\u00e7in hukuki destek sunmaktad\u0131r. Yanl\u0131\u015f te\u015fhis, hatal\u0131 tedavi, cerrahi m\u00fcdahale hatalar\u0131, do\u011fum komplikasyonlar\u0131, estetik operasyonlardan kaynaklanan zararlar, di\u015f tedavisi hatalar\u0131 ve sa\u011fl\u0131k hizmeti s\u00fcrecinde meydana gelen ihmal iddialar\u0131nda m\u00fcvekkillerimizin haklar\u0131n\u0131 titizlikle takip ediyoruz. Amac\u0131m\u0131z, ya\u015fanan ma\u011fduriyetin hukuki boyutunu do\u011fru \u015fekilde de\u011ferlendirmek, [&hellip;]<\/p>\n","protected":false},"author":1,"featured_media":0,"parent":0,"menu_order":0,"comment_status":"closed","ping_status":"closed","template":"","meta":{"_monsterinsights_skip_tracking":false,"_monsterinsights_sitenote_active":false,"_monsterinsights_sitenote_note":"","_monsterinsights_sitenote_category":0,"footnotes":""},"class_list":["post-3","page","type-page","status-publish","hentry"],"_links":{"self":[{"href":"https:\/\/malpracticeturkiye.com\/tr_tr\/wp-json\/wp\/v2\/pages\/3","targetHints":{"allow":["GET"]}}],"collection":[{"href":"https:\/\/malpracticeturkiye.com\/tr_tr\/wp-json\/wp\/v2\/pages"}],"about":[{"href":"https:\/\/malpracticeturkiye.com\/tr_tr\/wp-json\/wp\/v2\/types\/page"}],"author":[{"embeddable":true,"href":"https:\/\/malpracticeturkiye.com\/tr_tr\/wp-json\/wp\/v2\/users\/1"}],"replies":[{"embeddable":true,"href":"https:\/\/malpracticeturkiye.com\/tr_tr\/wp-json\/wp\/v2\/comments?post=3"}],"version-history":[{"count":2,"href":"https:\/\/malpracticeturkiye.com\/tr_tr\/wp-json\/wp\/v2\/pages\/3\/revisions"}],"predecessor-version":[{"id":52,"href":"https:\/\/malpracticeturkiye.com\/tr_tr\/wp-json\/wp\/v2\/pages\/3\/revisions\/52"}],"wp:attachment":[{"href":"https:\/\/malpracticeturkiye.com\/tr_tr\/wp-json\/wp\/v2\/media?parent=3"}],"curies":[{"name":"wp","href":"https:\/\/api.w.org\/{rel}","templated":true}]}}