{"id":14,"date":"2026-05-07T08:37:17","date_gmt":"2026-05-07T08:37:17","guid":{"rendered":"https:\/\/malpracticeturkiye.com\/hakkimizda\/"},"modified":"2026-05-07T21:44:23","modified_gmt":"2026-05-07T21:44:23","slug":"hakkimizda","status":"publish","type":"page","link":"https:\/\/malpracticeturkiye.com\/en\/hakkimizda\/","title":{"rendered":"About Us"},"content":{"rendered":"<div class=\"wp-block-group alignfull is-style-ext-preset--group--natural-1--section has-background-background-color has-background has-global-padding is-layout-constrained wp-block-group-is-layout-constrained\" id=\"hakkinda\" style=\"margin-top:0;margin-bottom:0;padding-top:var(--wp--preset--spacing--70);padding-bottom:var(--wp--preset--spacing--70)\">\n<div class=\"wp-block-columns alignwide are-vertically-aligned-center is-layout-flex wp-container-core-columns-is-layout-174606dc wp-block-columns-is-layout-flex\">\n<div class=\"wp-block-column is-vertically-aligned-center is-layout-flow wp-block-column-is-layout-flow\">\n<h2 class=\"wp-block-heading ext-animate--on\">Our Mission and Vision in Legal Consultation<\/h2>\n\n\n\n<p class=\"ext-animate--on\" style=\"margin-top:1.5rem\">Our mission is to provide effective and clear legal solutions based on trust and transparency. Our vision is to help individuals protect their rights by offering legal support through a simple and accessible platform.<\/p>\n<\/div>\n\n\n\n<div class=\"wp-block-column is-vertically-aligned-center is-layout-flow wp-block-column-is-layout-flow\">\n<figure class=\"wp-block-image is-style-ext-preset--image--natural-1--image-1--content-left ext-animate--on extendify-image-import is-style-ext-preset--image--natural-1--image-1--content-left--2\"><img decoding=\"async\" src=\"https:\/\/images.unsplash.com\/photo-1774898988393-5c752e4d55e9?ixid=M3w0MzUxNjF8MHwxfHNlYXJjaHwxM3x8bGVnYWwlMjBhZHZpY2V8ZW58MHx8fHwxNzc3NzI5OTQ2fDA&amp;ixlib=rb-4.1.0&amp;orientation=landscape?fit=crop&amp;crop=entropy%2Cfaces&amp;auto=format%2Ccompress&amp;w=1280\" alt=\"\" style=\"aspect-ratio:1;object-fit:cover\"\/><\/figure>\n<\/div>\n<\/div>\n<\/div>\n\n\n\n<div class=\"wp-block-group alignfull is-style-ext-preset--group--natural-1--section has-background-background-color has-background has-global-padding is-layout-constrained wp-container-core-group-is-layout-e955bbaf wp-block-group-is-layout-constrained\" id=\"deneyimler\" style=\"margin-top:0;margin-bottom:0;padding-top:var(--wp--preset--spacing--70);padding-bottom:var(--wp--preset--spacing--70)\">\n<div class=\"wp-block-group alignwide ext-is-logical-start has-global-padding is-content-justification-left is-layout-constrained wp-container-core-group-is-layout-20186816 wp-block-group-is-layout-constrained\">\n<h2 class=\"wp-block-heading ext-animate--on\">Client Testimonials and Experiences<\/h2>\n\n\n\n<p class=\"ext-animate--on\">We share our clients\u2019 experiences and satisfaction with our services in their own words.<\/p>\n<\/div>\n\n\n\n<div class=\"wp-block-columns alignwide is-layout-flex wp-container-core-columns-is-layout-08c01c1c wp-block-columns-is-layout-flex\">\n<div class=\"wp-block-column ext-animate--on is-layout-flow wp-block-column-is-layout-flow\">\n<div class=\"wp-block-group is-style-ext-preset--group--natural-1--item-card-1--align-start has-global-padding is-layout-constrained wp-block-group-is-layout-constrained is-style-ext-preset--group--natural-1--item-card-1--align-start--4\">\n<div class=\"wp-block-group is-style-default has-global-padding is-layout-constrained wp-block-group-is-layout-constrained\">\n<figure class=\"wp-block-image size-large extendify-image-import wp-duotone-primary-foreground\"><img decoding=\"async\" src=\"data:image\/svg+xml;base64,PHN2ZyB3aWR0aD0iMTE2IiBoZWlnaHQ9IjE5IiB2aWV3Qm94PSIwIDAgMTE2IDE5IiBmaWxsPSJub25lIiB4bWxucz0iaHR0cDovL3d3dy53My5vcmcvMjAwMC9zdmciPgo8ZyBjbGlwLXBhdGg9InVybCgjY2xpcDBfMzAyXzE5MTQpIj4KPHBhdGggZD0iTTkuMDcwODggMC42MTIzNDNDOS40MTQ2MiAtMC4yMDQxMTUgMTAuNTg1NCAtMC4yMDQxMTQgMTAuOTI5MSAwLjYxMjM0NkwxMi45NTc5IDUuNDMxMjNDMTMuMTAyOSA1Ljc3NTQzIDEzLjQzMDYgNi4wMTA2MSAxMy44MDY3IDYuMDQwNEwxOS4wNzI3IDYuNDU3NDhDMTkuOTY0OSA2LjUyODE0IDIwLjMyNjcgNy42MjgxMyAxOS42NDY5IDguMjAzNEwxNS42MzQ4IDExLjU5ODdDMTUuMzQ4MiAxMS44NDEyIDE1LjIyMyAxMi4yMjE4IDE1LjMxMDYgMTIuNTg0M0wxNi41MzYzIDE3LjY2MUMxNi43NDQgMTguNTIxMSAxNS43OTY5IDE5LjIwMSAxNS4wMzMgMTguNzQwMUwxMC41MjQ1IDE2LjAxOTZDMTAuMjAyNSAxNS44MjUyIDkuNzk3NSAxNS44MjUyIDkuNDc1NDggMTYuMDE5Nkw0Ljk2Njk5IDE4Ljc0MDFDNC4yMDMxMSAxOS4yMDEgMy4yNTU5NiAxOC41MjExIDMuNDYzNjMgMTcuNjYxTDQuNjg5NDIgMTIuNTg0M0M0Ljc3Njk4IDEyLjIyMTggNC42NTE4MiAxMS44NDEyIDQuMzY1MjYgMTEuNTk4N0wwLjM1MzA2MiA4LjIwMzRDLTAuMzI2NzE4IDcuNjI4MTMgMC4wMzUwNjc5IDYuNTI4MTQgMC45MjcyOTEgNi40NTc0OEw2LjE5MzM2IDYuMDQwNEM2LjU2OTUgNi4wMTA2MSA2Ljg5NzE2IDUuNzc1NDMgNy4wNDIwNyA1LjQzMTIzTDkuMDcwODggMC42MTIzNDNaIiBmaWxsPSIjMjIyMjIyIi8+CjxwYXRoIGQ9Ik0zMy4wNzA5IDAuNjEyMzQzQzMzLjQxNDYgLTAuMjA0MTE1IDM0LjU4NTQgLTAuMjA0MTE0IDM0LjkyOTEgMC42MTIzNDZMMzYuOTU3OSA1LjQzMTIzQzM3LjEwMjkgNS43NzU0MyAzNy40MzA2IDYuMDEwNjEgMzcuODA2NyA2LjA0MDRMNDMuMDcyNyA2LjQ1NzQ4QzQzLjk2NDkgNi41MjgxNCA0NC4zMjY3IDcuNjI4MTMgNDMuNjQ2OSA4LjIwMzRMMzkuNjM0OCAxMS41OTg3QzM5LjM0ODIgMTEuODQxMiAzOS4yMjMgMTIuMjIxOCAzOS4zMTA2IDEyLjU4NDNMNDAuNTM2MyAxNy42NjFDNDAuNzQ0IDE4LjUyMTEgMzkuNzk2OSAxOS4yMDEgMzkuMDMzIDE4Ljc0MDFMMzQuNTI0NSAxNi4wMTk2QzM0LjIwMjUgMTUuODI1MiAzMy43OTc1IDE1LjgyNTIgMzMuNDc1NSAxNi4wMTk2TDI4Ljk2NyAxOC43NDAxQzI4LjIwMzEgMTkuMjAxIDI3LjI1NiAxOC41MjExIDI3LjQ2MzYgMTcuNjYxTDI4LjY4OTQgMTIuNTg0M0MyOC43NzcgMTIuMjIxOCAyOC42NTE4IDExLjg0MTIgMjguMzY1MyAxMS41OTg3TDI0LjM1MzEgOC4yMDM0QzIzLjY3MzMgNy42MjgxMyAyNC4wMzUxIDYuNTI4MTQgMjQuOTI3MyA2LjQ1NzQ4TDMwLjE5MzQgNi4wNDA0QzMwLjU2OTUgNi4wMTA2MSAzMC44OTcyIDUuNzc1NDMgMzEuMDQyMSA1LjQzMTIzTDMzLjA3MDkgMC42MTIzNDNaIiBmaWxsPSIjMjIyMjIyIi8+CjxwYXRoIGQ9Ik01Ny4wNzA5IDAuNjEyMzQzQzU3LjQxNDYgLTAuMjA0MTE1IDU4LjU4NTQgLTAuMjA0MTE0IDU4LjkyOTEgMC42MTIzNDZMNjAuOTU3OSA1LjQzMTIzQzYxLjEwMjkgNS43NzU0MyA2MS40MzA2IDYuMDEwNjEgNjEuODA2NyA2LjA0MDRMNjcuMDcyNyA2LjQ1NzQ4QzY3Ljk2NDkgNi41MjgxNCA2OC4zMjY3IDcuNjI4MTMgNjcuNjQ2OSA4LjIwMzRMNjMuNjM0OCAxMS41OTg3QzYzLjM0ODIgMTEuODQxMiA2My4yMjMgMTIuMjIxOCA2My4zMTA2IDEyLjU4NDNMNjQuNTM2MyAxNy42NjFDNjQuNzQ0IDE4LjUyMTEgNjMuNzk2OSAxOS4yMDEgNjMuMDMzIDE4Ljc0MDFMNTguNTI0NSAxNi4wMTk2QzU4LjIwMjUgMTUuODI1MiA1Ny43OTc1IDE1LjgyNTIgNTcuNDc1NSAxNi4wMTk2TDUyLjk2NyAxOC43NDAxQzUyLjIwMzEgMTkuMjAxIDUxLjI1NiAxOC41MjExIDUxLjQ2MzYgMTcuNjYxTDUyLjY4OTQgMTIuNTg0M0M1Mi43NzcgMTIuMjIxOCA1Mi42NTE4IDExLjg0MTIgNTIuMzY1MyAxMS41OTg3TDQ4LjM1MzEgOC4yMDM0QzQ3LjY3MzMgNy42MjgxMyA0OC4wMzUxIDYuNTI4MTQgNDguOTI3MyA2LjQ1NzQ4TDU0LjE5MzQgNi4wNDA0QzU0LjU2OTUgNi4wMTA2MSA1NC44OTcyIDUuNzc1NDMgNTUuMDQyMSA1LjQzMTIzTDU3LjA3MDkgMC42MTIzNDNaIiBmaWxsPSIjMjIyMjIyIi8+CjxwYXRoIGQ9Ik04MS4wNzA2IDAuNjEyMzQzQzgxLjQxNDQgLTAuMjA0MTE1IDgyLjU4NTEgLTAuMjA0MTE0IDgyLjkyODkgMC42MTIzNDZMODQuOTU3NiA1LjQzMTIzQzg1LjEwMjYgNS43NzU0MyA4NS40MzAzIDYuMDEwNjEgODUuODA2NCA2LjA0MDRMOTEuMDcyNCA2LjQ1NzQ4QzkxLjk2NDYgNi41MjgxNCA5Mi4zMjY0IDcuNjI4MTMgOTEuNjQ2NiA4LjIwMzRMODcuNjM0NSAxMS41OTg3Qzg3LjM0OCAxMS44NDEyIDg3LjIyMjggMTIuMjIxOCA4Ny4zMTAzIDEyLjU4NDNMODguNTM2MSAxNy42NjFDODguNzQzOCAxOC41MjExIDg3Ljc5NjYgMTkuMjAxIDg3LjAzMjggMTguNzQwMUw4Mi41MjQzIDE2LjAxOTZDODIuMjAyMyAxNS44MjUyIDgxLjc5NzMgMTUuODI1MiA4MS40NzUyIDE2LjAxOTZMNzYuOTY2NyAxOC43NDAxQzc2LjIwMjkgMTkuMjAxIDc1LjI1NTcgMTguNTIxMSA3NS40NjM0IDE3LjY2MUw3Ni42ODkyIDEyLjU4NDNDNzYuNzc2NyAxMi4yMjE4IDc2LjY1MTYgMTEuODQxMiA3Ni4zNjUgMTEuNTk4N0w3Mi4zNTI4IDguMjAzNEM3MS42NzMgNy42MjgxMyA3Mi4wMzQ4IDYuNTI4MTQgNzIuOTI3IDYuNDU3NDhMNzguMTkzMSA2LjA0MDRDNzguNTY5MyA2LjAxMDYxIDc4Ljg5NjkgNS43NzU0MyA3OS4wNDE4IDUuNDMxMjNMODEuMDcwNiAwLjYxMjM0M1oiIGZpbGw9IiMyMjIyMjIiLz4KPHBhdGggZD0iTTEwNS4wNzEgMC42MTIzNDNDMTA1LjQxNCAtMC4yMDQxMTUgMTA2LjU4NSAtMC4yMDQxMTQgMTA2LjkyOSAwLjYxMjM0NkwxMDguOTU4IDUuNDMxMjNDMTA5LjEwMyA1Ljc3NTQzIDEwOS40MyA2LjAxMDYxIDEwOS44MDYgNi4wNDA0TDExNS4wNzIgNi40NTc0OEMxMTUuOTY1IDYuNTI4MTQgMTE2LjMyNiA3LjYyODEzIDExNS42NDcgOC4yMDM0TDExMS42MzUgMTEuNTk4N0MxMTEuMzQ4IDExLjg0MTIgMTExLjIyMyAxMi4yMjE4IDExMS4zMSAxMi41ODQzTDExMi41MzYgMTcuNjYxQzExMi43NDQgMTguNTIxMSAxMTEuNzk3IDE5LjIwMSAxMTEuMDMzIDE4Ljc0MDFMMTA2LjUyNCAxNi4wMTk2QzEwNi4yMDIgMTUuODI1MiAxMDUuNzk3IDE1LjgyNTIgMTA1LjQ3NSAxNi4wMTk2TDEwMC45NjcgMTguNzQwMUMxMDAuMjAzIDE5LjIwMSA5OS4yNTU3IDE4LjUyMTEgOTkuNDYzNCAxNy42NjFMMTAwLjY4OSAxMi41ODQzQzEwMC43NzcgMTIuMjIxOCAxMDAuNjUyIDExLjg0MTIgMTAwLjM2NSAxMS41OTg3TDk2LjM1MjggOC4yMDM0Qzk1LjY3MyA3LjYyODEzIDk2LjAzNDggNi41MjgxNCA5Ni45MjcgNi40NTc0OEwxMDIuMTkzIDYuMDQwNEMxMDIuNTY5IDYuMDEwNjEgMTAyLjg5NyA1Ljc3NTQzIDEwMy4wNDIgNS40MzEyM0wxMDUuMDcxIDAuNjEyMzQzWiIgZmlsbD0iIzIyMjIyMiIvPgo8L2c+CjxkZWZzPgo8Y2xpcFBhdGggaWQ9ImNsaXAwXzMwMl8xOTE0Ij4KPHJlY3Qgd2lkdGg9IjExNiIgaGVpZ2h0PSIxOC44ODg5IiBmaWxsPSJ3aGl0ZSIvPgo8L2NsaXBQYXRoPgo8L2RlZnM+Cjwvc3ZnPgo=\" alt=\"\"\/><\/figure>\n\n\n\n<p style=\"margin-top:var(--wp--preset--spacing--30);margin-bottom:24px;font-size:clamp(14px, 0.875rem + ((1vw - 3.2px) * 0.417), 18px);\">\u0130lk defa ba\u015f\u0131ma b\u00f6yle bir\u015fey geldi.yard\u0131mlar\u0131n\u0131z i\u00e7in \u00e7ok te\u015fekk\u00fcr ederim..<\/p>\n\n\n\n<div class=\"wp-block-group is-nowrap is-layout-flex wp-container-core-group-is-layout-e504371c wp-block-group-is-layout-flex\" style=\"padding-top:0;padding-right:0;padding-bottom:0;padding-left:0\">\n<div class=\"wp-block-group has-global-padding is-layout-constrained wp-container-core-group-is-layout-fe9d9fd4 wp-block-group-is-layout-constrained\" style=\"padding-top:0;padding-right:0;padding-bottom:0;padding-left:0\">\n<figure class=\"wp-block-image aligncenter is-style-rounded extendify-image-import\"><img decoding=\"async\" src=\"https:\/\/images.unsplash.com\/photo-1614204424926-196a80bf0be8?fit=crop&amp;crop=entropy%2Cfaces&amp;auto=format%2Ccompress&amp;w=48&amp;h=48\" alt=\"\" style=\"object-fit:cover\"\/><\/figure>\n<\/div>\n\n\n\n<div class=\"wp-block-group has-global-padding is-layout-constrained wp-container-core-group-is-layout-639b5052 wp-block-group-is-layout-constrained\" style=\"padding-top:0;padding-right:0;padding-bottom:0;padding-left:0\">\n<h4 class=\"wp-block-heading has-small-font-size\" style=\"font-style:normal;font-weight:600\">Elif Y\u0131lmaz<\/h4>\n<\/div>\n<\/div>\n<\/div>\n<\/div>\n<\/div>\n\n\n\n<div class=\"wp-block-column ext-animate--on is-layout-flow wp-block-column-is-layout-flow\">\n<div class=\"wp-block-group is-style-ext-preset--group--natural-1--item-card-1--align-start has-global-padding is-layout-constrained wp-block-group-is-layout-constrained is-style-ext-preset--group--natural-1--item-card-1--align-start--5\">\n<div class=\"wp-block-group is-style-default has-global-padding is-layout-constrained wp-block-group-is-layout-constrained\">\n<figure class=\"wp-block-image size-large extendify-image-import wp-duotone-primary-foreground\"><img decoding=\"async\" src=\"data:image\/svg+xml;base64,PHN2ZyB3aWR0aD0iMTE2IiBoZWlnaHQ9IjE5IiB2aWV3Qm94PSIwIDAgMTE2IDE5IiBmaWxsPSJub25lIiB4bWxucz0iaHR0cDovL3d3dy53My5vcmcvMjAwMC9zdmciPgo8ZyBjbGlwLXBhdGg9InVybCgjY2xpcDBfMzAyXzE5MTQpIj4KPHBhdGggZD0iTTkuMDcwODggMC42MTIzNDNDOS40MTQ2MiAtMC4yMDQxMTUgMTAuNTg1NCAtMC4yMDQxMTQgMTAuOTI5MSAwLjYxMjM0NkwxMi45NTc5IDUuNDMxMjNDMTMuMTAyOSA1Ljc3NTQzIDEzLjQzMDYgNi4wMTA2MSAxMy44MDY3IDYuMDQwNEwxOS4wNzI3IDYuNDU3NDhDMTkuOTY0OSA2LjUyODE0IDIwLjMyNjcgNy42MjgxMyAxOS42NDY5IDguMjAzNEwxNS42MzQ4IDExLjU5ODdDMTUuMzQ4MiAxMS44NDEyIDE1LjIyMyAxMi4yMjE4IDE1LjMxMDYgMTIuNTg0M0wxNi41MzYzIDE3LjY2MUMxNi43NDQgMTguNTIxMSAxNS43OTY5IDE5LjIwMSAxNS4wMzMgMTguNzQwMUwxMC41MjQ1IDE2LjAxOTZDMTAuMjAyNSAxNS44MjUyIDkuNzk3NSAxNS44MjUyIDkuNDc1NDggMTYuMDE5Nkw0Ljk2Njk5IDE4Ljc0MDFDNC4yMDMxMSAxOS4yMDEgMy4yNTU5NiAxOC41MjExIDMuNDYzNjMgMTcuNjYxTDQuNjg5NDIgMTIuNTg0M0M0Ljc3Njk4IDEyLjIyMTggNC42NTE4MiAxMS44NDEyIDQuMzY1MjYgMTEuNTk4N0wwLjM1MzA2MiA4LjIwMzRDLTAuMzI2NzE4IDcuNjI4MTMgMC4wMzUwNjc5IDYuNTI4MTQgMC45MjcyOTEgNi40NTc0OEw2LjE5MzM2IDYuMDQwNEM2LjU2OTUgNi4wMTA2MSA2Ljg5NzE2IDUuNzc1NDMgNy4wNDIwNyA1LjQzMTIzTDkuMDcwODggMC42MTIzNDNaIiBmaWxsPSIjMjIyMjIyIi8+CjxwYXRoIGQ9Ik0zMy4wNzA5IDAuNjEyMzQzQzMzLjQxNDYgLTAuMjA0MTE1IDM0LjU4NTQgLTAuMjA0MTE0IDM0LjkyOTEgMC42MTIzNDZMMzYuOTU3OSA1LjQzMTIzQzM3LjEwMjkgNS43NzU0MyAzNy40MzA2IDYuMDEwNjEgMzcuODA2NyA2LjA0MDRMNDMuMDcyNyA2LjQ1NzQ4QzQzLjk2NDkgNi41MjgxNCA0NC4zMjY3IDcuNjI4MTMgNDMuNjQ2OSA4LjIwMzRMMzkuNjM0OCAxMS41OTg3QzM5LjM0ODIgMTEuODQxMiAzOS4yMjMgMTIuMjIxOCAzOS4zMTA2IDEyLjU4NDNMNDAuNTM2MyAxNy42NjFDNDAuNzQ0IDE4LjUyMTEgMzkuNzk2OSAxOS4yMDEgMzkuMDMzIDE4Ljc0MDFMMzQuNTI0NSAxNi4wMTk2QzM0LjIwMjUgMTUuODI1MiAzMy43OTc1IDE1LjgyNTIgMzMuNDc1NSAxNi4wMTk2TDI4Ljk2NyAxOC43NDAxQzI4LjIwMzEgMTkuMjAxIDI3LjI1NiAxOC41MjExIDI3LjQ2MzYgMTcuNjYxTDI4LjY4OTQgMTIuNTg0M0MyOC43NzcgMTIuMjIxOCAyOC42NTE4IDExLjg0MTIgMjguMzY1MyAxMS41OTg3TDI0LjM1MzEgOC4yMDM0QzIzLjY3MzMgNy42MjgxMyAyNC4wMzUxIDYuNTI4MTQgMjQuOTI3MyA2LjQ1NzQ4TDMwLjE5MzQgNi4wNDA0QzMwLjU2OTUgNi4wMTA2MSAzMC44OTcyIDUuNzc1NDMgMzEuMDQyMSA1LjQzMTIzTDMzLjA3MDkgMC42MTIzNDNaIiBmaWxsPSIjMjIyMjIyIi8+CjxwYXRoIGQ9Ik01Ny4wNzA5IDAuNjEyMzQzQzU3LjQxNDYgLTAuMjA0MTE1IDU4LjU4NTQgLTAuMjA0MTE0IDU4LjkyOTEgMC42MTIzNDZMNjAuOTU3OSA1LjQzMTIzQzYxLjEwMjkgNS43NzU0MyA2MS40MzA2IDYuMDEwNjEgNjEuODA2NyA2LjA0MDRMNjcuMDcyNyA2LjQ1NzQ4QzY3Ljk2NDkgNi41MjgxNCA2OC4zMjY3IDcuNjI4MTMgNjcuNjQ2OSA4LjIwMzRMNjMuNjM0OCAxMS41OTg3QzYzLjM0ODIgMTEuODQxMiA2My4yMjMgMTIuMjIxOCA2My4zMTA2IDEyLjU4NDNMNjQuNTM2MyAxNy42NjFDNjQuNzQ0IDE4LjUyMTEgNjMuNzk2OSAxOS4yMDEgNjMuMDMzIDE4Ljc0MDFMNTguNTI0NSAxNi4wMTk2QzU4LjIwMjUgMTUuODI1MiA1Ny43OTc1IDE1LjgyNTIgNTcuNDc1NSAxNi4wMTk2TDUyLjk2NyAxOC43NDAxQzUyLjIwMzEgMTkuMjAxIDUxLjI1NiAxOC41MjExIDUxLjQ2MzYgMTcuNjYxTDUyLjY4OTQgMTIuNTg0M0M1Mi43NzcgMTIuMjIxOCA1Mi42NTE4IDExLjg0MTIgNTIuMzY1MyAxMS41OTg3TDQ4LjM1MzEgOC4yMDM0QzQ3LjY3MzMgNy42MjgxMyA0OC4wMzUxIDYuNTI4MTQgNDguOTI3MyA2LjQ1NzQ4TDU0LjE5MzQgNi4wNDA0QzU0LjU2OTUgNi4wMTA2MSA1NC44OTcyIDUuNzc1NDMgNTUuMDQyMSA1LjQzMTIzTDU3LjA3MDkgMC42MTIzNDNaIiBmaWxsPSIjMjIyMjIyIi8+CjxwYXRoIGQ9Ik04MS4wNzA2IDAuNjEyMzQzQzgxLjQxNDQgLTAuMjA0MTE1IDgyLjU4NTEgLTAuMjA0MTE0IDgyLjkyODkgMC42MTIzNDZMODQuOTU3NiA1LjQzMTIzQzg1LjEwMjYgNS43NzU0MyA4NS40MzAzIDYuMDEwNjEgODUuODA2NCA2LjA0MDRMOTEuMDcyNCA2LjQ1NzQ4QzkxLjk2NDYgNi41MjgxNCA5Mi4zMjY0IDcuNjI4MTMgOTEuNjQ2NiA4LjIwMzRMODcuNjM0NSAxMS41OTg3Qzg3LjM0OCAxMS44NDEyIDg3LjIyMjggMTIuMjIxOCA4Ny4zMTAzIDEyLjU4NDNMODguNTM2MSAxNy42NjFDODguNzQzOCAxOC41MjExIDg3Ljc5NjYgMTkuMjAxIDg3LjAzMjggMTguNzQwMUw4Mi41MjQzIDE2LjAxOTZDODIuMjAyMyAxNS44MjUyIDgxLjc5NzMgMTUuODI1MiA4MS40NzUyIDE2LjAxOTZMNzYuOTY2NyAxOC43NDAxQzc2LjIwMjkgMTkuMjAxIDc1LjI1NTcgMTguNTIxMSA3NS40NjM0IDE3LjY2MUw3Ni42ODkyIDEyLjU4NDNDNzYuNzc2NyAxMi4yMjE4IDc2LjY1MTYgMTEuODQxMiA3Ni4zNjUgMTEuNTk4N0w3Mi4zNTI4IDguMjAzNEM3MS42NzMgNy42MjgxMyA3Mi4wMzQ4IDYuNTI4MTQgNzIuOTI3IDYuNDU3NDhMNzguMTkzMSA2LjA0MDRDNzguNTY5MyA2LjAxMDYxIDc4Ljg5NjkgNS43NzU0MyA3OS4wNDE4IDUuNDMxMjNMODEuMDcwNiAwLjYxMjM0M1oiIGZpbGw9IiMyMjIyMjIiLz4KPHBhdGggZD0iTTEwNS4wNzEgMC42MTIzNDNDMTA1LjQxNCAtMC4yMDQxMTUgMTA2LjU4NSAtMC4yMDQxMTQgMTA2LjkyOSAwLjYxMjM0NkwxMDguOTU4IDUuNDMxMjNDMTA5LjEwMyA1Ljc3NTQzIDEwOS40MyA2LjAxMDYxIDEwOS44MDYgNi4wNDA0TDExNS4wNzIgNi40NTc0OEMxMTUuOTY1IDYuNTI4MTQgMTE2LjMyNiA3LjYyODEzIDExNS42NDcgOC4yMDM0TDExMS42MzUgMTEuNTk4N0MxMTEuMzQ4IDExLjg0MTIgMTExLjIyMyAxMi4yMjE4IDExMS4zMSAxMi41ODQzTDExMi41MzYgMTcuNjYxQzExMi43NDQgMTguNTIxMSAxMTEuNzk3IDE5LjIwMSAxMTEuMDMzIDE4Ljc0MDFMMTA2LjUyNCAxNi4wMTk2QzEwNi4yMDIgMTUuODI1MiAxMDUuNzk3IDE1LjgyNTIgMTA1LjQ3NSAxNi4wMTk2TDEwMC45NjcgMTguNzQwMUMxMDAuMjAzIDE5LjIwMSA5OS4yNTU3IDE4LjUyMTEgOTkuNDYzNCAxNy42NjFMMTAwLjY4OSAxMi41ODQzQzEwMC43NzcgMTIuMjIxOCAxMDAuNjUyIDExLjg0MTIgMTAwLjM2NSAxMS41OTg3TDk2LjM1MjggOC4yMDM0Qzk1LjY3MyA3LjYyODEzIDk2LjAzNDggNi41MjgxNCA5Ni45MjcgNi40NTc0OEwxMDIuMTkzIDYuMDQwNEMxMDIuNTY5IDYuMDEwNjEgMTAyLjg5NyA1Ljc3NTQzIDEwMy4wNDIgNS40MzEyM0wxMDUuMDcxIDAuNjEyMzQzWiIgZmlsbD0iIzIyMjIyMiIvPgo8L2c+CjxkZWZzPgo8Y2xpcFBhdGggaWQ9ImNsaXAwXzMwMl8xOTE0Ij4KPHJlY3Qgd2lkdGg9IjExNiIgaGVpZ2h0PSIxOC44ODg5IiBmaWxsPSJ3aGl0ZSIvPgo8L2NsaXBQYXRoPgo8L2RlZnM+Cjwvc3ZnPgo=\" alt=\"\"\/><\/figure>\n\n\n\n<p style=\"margin-top:var(--wp--preset--spacing--30);margin-bottom:24px;font-size:clamp(14px, 0.875rem + ((1vw - 3.2px) * 0.417), 18px);\">Beraber \u00e7al\u0131\u015famasakta bilgilendirmeler i\u00e7in \u00e7ok memnunum.<\/p>\n\n\n\n<div class=\"wp-block-group is-nowrap is-layout-flex wp-container-core-group-is-layout-e504371c wp-block-group-is-layout-flex\" style=\"padding-top:0;padding-right:0;padding-bottom:0;padding-left:0\">\n<div class=\"wp-block-group has-global-padding is-layout-constrained wp-container-core-group-is-layout-8d3fcc49 wp-block-group-is-layout-constrained\" style=\"padding-top:0;padding-right:0;padding-bottom:0;padding-left:0\">\n<figure class=\"wp-block-image aligncenter size-large is-style-rounded extendify-image-import\"><img decoding=\"async\" src=\"https:\/\/images.unsplash.com\/photo-1593757147298-e064ed1419e5?fit=crop&amp;crop=entropy%2Cfaces&amp;auto=format%2Ccompress&amp;w=48&amp;h=48\" alt=\"\" style=\"object-fit:cover\"\/><\/figure>\n<\/div>\n\n\n\n<div class=\"wp-block-group has-global-padding is-layout-constrained wp-container-core-group-is-layout-639b5052 wp-block-group-is-layout-constrained\" style=\"padding-top:0;padding-right:0;padding-bottom:0;padding-left:0\">\n<h4 class=\"wp-block-heading has-small-font-size\" style=\"font-style:normal;font-weight:600\">Haluk Demir<\/h4>\n<\/div>\n<\/div>\n<\/div>\n<\/div>\n<\/div>\n\n\n\n<div class=\"wp-block-column ext-animate--on is-layout-flow wp-block-column-is-layout-flow\">\n<div class=\"wp-block-group is-style-ext-preset--group--natural-1--item-card-1--align-start has-global-padding is-layout-constrained wp-block-group-is-layout-constrained is-style-ext-preset--group--natural-1--item-card-1--align-start--6\">\n<div class=\"wp-block-group is-style-default has-global-padding is-layout-constrained wp-block-group-is-layout-constrained\">\n<figure class=\"wp-block-image size-large extendify-image-import wp-duotone-primary-foreground\"><img decoding=\"async\" src=\"data:image\/svg+xml;base64,PHN2ZyB3aWR0aD0iMTE2IiBoZWlnaHQ9IjE5IiB2aWV3Qm94PSIwIDAgMTE2IDE5IiBmaWxsPSJub25lIiB4bWxucz0iaHR0cDovL3d3dy53My5vcmcvMjAwMC9zdmciPgo8ZyBjbGlwLXBhdGg9InVybCgjY2xpcDBfMzAyXzE5MTQpIj4KPHBhdGggZD0iTTkuMDcwODggMC42MTIzNDNDOS40MTQ2MiAtMC4yMDQxMTUgMTAuNTg1NCAtMC4yMDQxMTQgMTAuOTI5MSAwLjYxMjM0NkwxMi45NTc5IDUuNDMxMjNDMTMuMTAyOSA1Ljc3NTQzIDEzLjQzMDYgNi4wMTA2MSAxMy44MDY3IDYuMDQwNEwxOS4wNzI3IDYuNDU3NDhDMTkuOTY0OSA2LjUyODE0IDIwLjMyNjcgNy42MjgxMyAxOS42NDY5IDguMjAzNEwxNS42MzQ4IDExLjU5ODdDMTUuMzQ4MiAxMS44NDEyIDE1LjIyMyAxMi4yMjE4IDE1LjMxMDYgMTIuNTg0M0wxNi41MzYzIDE3LjY2MUMxNi43NDQgMTguNTIxMSAxNS43OTY5IDE5LjIwMSAxNS4wMzMgMTguNzQwMUwxMC41MjQ1IDE2LjAxOTZDMTAuMjAyNSAxNS44MjUyIDkuNzk3NSAxNS44MjUyIDkuNDc1NDggMTYuMDE5Nkw0Ljk2Njk5IDE4Ljc0MDFDNC4yMDMxMSAxOS4yMDEgMy4yNTU5NiAxOC41MjExIDMuNDYzNjMgMTcuNjYxTDQuNjg5NDIgMTIuNTg0M0M0Ljc3Njk4IDEyLjIyMTggNC42NTE4MiAxMS44NDEyIDQuMzY1MjYgMTEuNTk4N0wwLjM1MzA2MiA4LjIwMzRDLTAuMzI2NzE4IDcuNjI4MTMgMC4wMzUwNjc5IDYuNTI4MTQgMC45MjcyOTEgNi40NTc0OEw2LjE5MzM2IDYuMDQwNEM2LjU2OTUgNi4wMTA2MSA2Ljg5NzE2IDUuNzc1NDMgNy4wNDIwNyA1LjQzMTIzTDkuMDcwODggMC42MTIzNDNaIiBmaWxsPSIjMjIyMjIyIi8+CjxwYXRoIGQ9Ik0zMy4wNzA5IDAuNjEyMzQzQzMzLjQxNDYgLTAuMjA0MTE1IDM0LjU4NTQgLTAuMjA0MTE0IDM0LjkyOTEgMC42MTIzNDZMMzYuOTU3OSA1LjQzMTIzQzM3LjEwMjkgNS43NzU0MyAzNy40MzA2IDYuMDEwNjEgMzcuODA2NyA2LjA0MDRMNDMuMDcyNyA2LjQ1NzQ4QzQzLjk2NDkgNi41MjgxNCA0NC4zMjY3IDcuNjI4MTMgNDMuNjQ2OSA4LjIwMzRMMzkuNjM0OCAxMS41OTg3QzM5LjM0ODIgMTEuODQxMiAzOS4yMjMgMTIuMjIxOCAzOS4zMTA2IDEyLjU4NDNMNDAuNTM2MyAxNy42NjFDNDAuNzQ0IDE4LjUyMTEgMzkuNzk2OSAxOS4yMDEgMzkuMDMzIDE4Ljc0MDFMMzQuNTI0NSAxNi4wMTk2QzM0LjIwMjUgMTUuODI1MiAzMy43OTc1IDE1LjgyNTIgMzMuNDc1NSAxNi4wMTk2TDI4Ljk2NyAxOC43NDAxQzI4LjIwMzEgMTkuMjAxIDI3LjI1NiAxOC41MjExIDI3LjQ2MzYgMTcuNjYxTDI4LjY4OTQgMTIuNTg0M0MyOC43NzcgMTIuMjIxOCAyOC42NTE4IDExLjg0MTIgMjguMzY1MyAxMS41OTg3TDI0LjM1MzEgOC4yMDM0QzIzLjY3MzMgNy42MjgxMyAyNC4wMzUxIDYuNTI4MTQgMjQuOTI3MyA2LjQ1NzQ4TDMwLjE5MzQgNi4wNDA0QzMwLjU2OTUgNi4wMTA2MSAzMC44OTcyIDUuNzc1NDMgMzEuMDQyMSA1LjQzMTIzTDMzLjA3MDkgMC42MTIzNDNaIiBmaWxsPSIjMjIyMjIyIi8+CjxwYXRoIGQ9Ik01Ny4wNzA5IDAuNjEyMzQzQzU3LjQxNDYgLTAuMjA0MTE1IDU4LjU4NTQgLTAuMjA0MTE0IDU4LjkyOTEgMC42MTIzNDZMNjAuOTU3OSA1LjQzMTIzQzYxLjEwMjkgNS43NzU0MyA2MS40MzA2IDYuMDEwNjEgNjEuODA2NyA2LjA0MDRMNjcuMDcyNyA2LjQ1NzQ4QzY3Ljk2NDkgNi41MjgxNCA2OC4zMjY3IDcuNjI4MTMgNjcuNjQ2OSA4LjIwMzRMNjMuNjM0OCAxMS41OTg3QzYzLjM0ODIgMTEuODQxMiA2My4yMjMgMTIuMjIxOCA2My4zMTA2IDEyLjU4NDNMNjQuNTM2MyAxNy42NjFDNjQuNzQ0IDE4LjUyMTEgNjMuNzk2OSAxOS4yMDEgNjMuMDMzIDE4Ljc0MDFMNTguNTI0NSAxNi4wMTk2QzU4LjIwMjUgMTUuODI1MiA1Ny43OTc1IDE1LjgyNTIgNTcuNDc1NSAxNi4wMTk2TDUyLjk2NyAxOC43NDAxQzUyLjIwMzEgMTkuMjAxIDUxLjI1NiAxOC41MjExIDUxLjQ2MzYgMTcuNjYxTDUyLjY4OTQgMTIuNTg0M0M1Mi43NzcgMTIuMjIxOCA1Mi42NTE4IDExLjg0MTIgNTIuMzY1MyAxMS41OTg3TDQ4LjM1MzEgOC4yMDM0QzQ3LjY3MzMgNy42MjgxMyA0OC4wMzUxIDYuNTI4MTQgNDguOTI3MyA2LjQ1NzQ4TDU0LjE5MzQgNi4wNDA0QzU0LjU2OTUgNi4wMTA2MSA1NC44OTcyIDUuNzc1NDMgNTUuMDQyMSA1LjQzMTIzTDU3LjA3MDkgMC42MTIzNDNaIiBmaWxsPSIjMjIyMjIyIi8+CjxwYXRoIGQ9Ik04MS4wNzA2IDAuNjEyMzQzQzgxLjQxNDQgLTAuMjA0MTE1IDgyLjU4NTEgLTAuMjA0MTE0IDgyLjkyODkgMC42MTIzNDZMODQuOTU3NiA1LjQzMTIzQzg1LjEwMjYgNS43NzU0MyA4NS40MzAzIDYuMDEwNjEgODUuODA2NCA2LjA0MDRMOTEuMDcyNCA2LjQ1NzQ4QzkxLjk2NDYgNi41MjgxNCA5Mi4zMjY0IDcuNjI4MTMgOTEuNjQ2NiA4LjIwMzRMODcuNjM0NSAxMS41OTg3Qzg3LjM0OCAxMS44NDEyIDg3LjIyMjggMTIuMjIxOCA4Ny4zMTAzIDEyLjU4NDNMODguNTM2MSAxNy42NjFDODguNzQzOCAxOC41MjExIDg3Ljc5NjYgMTkuMjAxIDg3LjAzMjggMTguNzQwMUw4Mi41MjQzIDE2LjAxOTZDODIuMjAyMyAxNS44MjUyIDgxLjc5NzMgMTUuODI1MiA4MS40NzUyIDE2LjAxOTZMNzYuOTY2NyAxOC43NDAxQzc2LjIwMjkgMTkuMjAxIDc1LjI1NTcgMTguNTIxMSA3NS40NjM0IDE3LjY2MUw3Ni42ODkyIDEyLjU4NDNDNzYuNzc2NyAxMi4yMjE4IDc2LjY1MTYgMTEuODQxMiA3Ni4zNjUgMTEuNTk4N0w3Mi4zNTI4IDguMjAzNEM3MS42NzMgNy42MjgxMyA3Mi4wMzQ4IDYuNTI4MTQgNzIuOTI3IDYuNDU3NDhMNzguMTkzMSA2LjA0MDRDNzguNTY5MyA2LjAxMDYxIDc4Ljg5NjkgNS43NzU0MyA3OS4wNDE4IDUuNDMxMjNMODEuMDcwNiAwLjYxMjM0M1oiIGZpbGw9IiMyMjIyMjIiLz4KPHBhdGggZD0iTTEwNS4wNzEgMC42MTIzNDNDMTA1LjQxNCAtMC4yMDQxMTUgMTA2LjU4NSAtMC4yMDQxMTQgMTA2LjkyOSAwLjYxMjM0NkwxMDguOTU4IDUuNDMxMjNDMTA5LjEwMyA1Ljc3NTQzIDEwOS40MyA2LjAxMDYxIDEwOS44MDYgNi4wNDA0TDExNS4wNzIgNi40NTc0OEMxMTUuOTY1IDYuNTI4MTQgMTE2LjMyNiA3LjYyODEzIDExNS42NDcgOC4yMDM0TDExMS42MzUgMTEuNTk4N0MxMTEuMzQ4IDExLjg0MTIgMTExLjIyMyAxMi4yMjE4IDExMS4zMSAxMi41ODQzTDExMi41MzYgMTcuNjYxQzExMi43NDQgMTguNTIxMSAxMTEuNzk3IDE5LjIwMSAxMTEuMDMzIDE4Ljc0MDFMMTA2LjUyNCAxNi4wMTk2QzEwNi4yMDIgMTUuODI1MiAxMDUuNzk3IDE1LjgyNTIgMTA1LjQ3NSAxNi4wMTk2TDEwMC45NjcgMTguNzQwMUMxMDAuMjAzIDE5LjIwMSA5OS4yNTU3IDE4LjUyMTEgOTkuNDYzNCAxNy42NjFMMTAwLjY4OSAxMi41ODQzQzEwMC43NzcgMTIuMjIxOCAxMDAuNjUyIDExLjg0MTIgMTAwLjM2NSAxMS41OTg3TDk2LjM1MjggOC4yMDM0Qzk1LjY3MyA3LjYyODEzIDk2LjAzNDggNi41MjgxNCA5Ni45MjcgNi40NTc0OEwxMDIuMTkzIDYuMDQwNEMxMDIuNTY5IDYuMDEwNjEgMTAyLjg5NyA1Ljc3NTQzIDEwMy4wNDIgNS40MzEyM0wxMDUuMDcxIDAuNjEyMzQzWiIgZmlsbD0iIzIyMjIyMiIvPgo8L2c+CjxkZWZzPgo8Y2xpcFBhdGggaWQ9ImNsaXAwXzMwMl8xOTE0Ij4KPHJlY3Qgd2lkdGg9IjExNiIgaGVpZ2h0PSIxOC44ODg5IiBmaWxsPSJ3aGl0ZSIvPgo8L2NsaXBQYXRoPgo8L2RlZnM+Cjwvc3ZnPgo=\" alt=\"\"\/><\/figure>\n\n\n\n<p style=\"margin-top:var(--wp--preset--spacing--30);margin-bottom:24px;font-size:clamp(14px, 0.875rem + ((1vw - 3.2px) * 0.417), 18px);\">Sunulan hizmetin kalitesi kesinlikle \u00e7ok iyi  Sefa beye \u00e7ok te\u015fekk\u00fcr ederim.<\/p>\n\n\n\n<div class=\"wp-block-group has-global-padding is-layout-constrained wp-block-group-is-layout-constrained\">\n<div class=\"wp-block-group ext-animate--on has-global-padding is-layout-constrained wp-block-group-is-layout-constrained\">\n<div class=\"wp-block-group ext-animate--on has-global-padding is-layout-constrained wp-block-group-is-layout-constrained\">\n<div class=\"wp-block-group ext-animate--on has-global-padding is-layout-constrained wp-container-core-group-is-layout-8d3fcc49 wp-block-group-is-layout-constrained\" style=\"padding-top:0;padding-right:0;padding-bottom:0;padding-left:0\">\n<figure class=\"wp-block-image alignleft size-large is-style-rounded extendify-image-import ext-animate--on\"><img decoding=\"async\" src=\"https:\/\/images.unsplash.com\/photo-1525134479668-1bee5c7c6845?fit=crop&amp;crop=entropy%2Cfaces&amp;auto=format%2Ccompress&amp;w=48&amp;h=48\" alt=\"\" style=\"object-fit:cover\"\/><\/figure>\n<\/div>\n<\/div>\n\n\n\n<div class=\"wp-block-group ext-animate--on has-global-padding is-layout-constrained wp-container-core-group-is-layout-639b5052 wp-block-group-is-layout-constrained\" style=\"padding-top:0;padding-right:0;padding-bottom:0;padding-left:0\">\n<h4 class=\"wp-block-heading ext-animate--on has-small-font-size\" style=\"font-style:normal;font-weight:600\">Mehmet Kaya<\/h4>\n<\/div>\n<\/div>\n<\/div>\n<\/div>\n<\/div>\n<\/div>\n<\/div>\n<\/div>","protected":false},"excerpt":{"rendered":"<p>Hukuki Dan\u0131\u015fmanl\u0131kta Misyonumuz ve Vizyonumuz Hukuki dan\u0131\u015fmanl\u0131k alan\u0131nda g\u00fcvenilirlik ve \u015feffafl\u0131\u011f\u0131 temel alan misyonumuz, m\u00fc\u015fterilerimize etkin ve anla\u015f\u0131l\u0131r \u00e7\u00f6z\u00fcmler sunmakt\u0131r. Vizyonumuz ise, sade ve eri\u015filebilir bir platform \u00fczerinden hukuki destek sa\u011flayarak herkesin hakk\u0131n\u0131 korumas\u0131na yard\u0131mc\u0131 olmakt\u0131r. M\u00fc\u015fteri Yorumlar\u0131 ve Deneyimleri Hizmetlerimizden duyulan memnuniyeti ve deneyimleri m\u00fc\u015fterilerimizin s\u00f6zleriyle payla\u015f\u0131yoruz. \u0130lk defa ba\u015f\u0131ma b\u00f6yle bir\u015fey geldi.yard\u0131mlar\u0131n\u0131z i\u00e7in [&hellip;]<\/p>\n","protected":false},"author":1,"featured_media":0,"parent":0,"menu_order":0,"comment_status":"closed","ping_status":"closed","template":"","meta":{"_monsterinsights_skip_tracking":false,"_monsterinsights_sitenote_active":false,"_monsterinsights_sitenote_note":"","_monsterinsights_sitenote_category":0,"footnotes":""},"class_list":["post-14","page","type-page","status-publish","hentry"],"_links":{"self":[{"href":"https:\/\/malpracticeturkiye.com\/en\/wp-json\/wp\/v2\/pages\/14","targetHints":{"allow":["GET"]}}],"collection":[{"href":"https:\/\/malpracticeturkiye.com\/en\/wp-json\/wp\/v2\/pages"}],"about":[{"href":"https:\/\/malpracticeturkiye.com\/en\/wp-json\/wp\/v2\/types\/page"}],"author":[{"embeddable":true,"href":"https:\/\/malpracticeturkiye.com\/en\/wp-json\/wp\/v2\/users\/1"}],"replies":[{"embeddable":true,"href":"https:\/\/malpracticeturkiye.com\/en\/wp-json\/wp\/v2\/comments?post=14"}],"version-history":[{"count":3,"href":"https:\/\/malpracticeturkiye.com\/en\/wp-json\/wp\/v2\/pages\/14\/revisions"}],"predecessor-version":[{"id":85,"href":"https:\/\/malpracticeturkiye.com\/en\/wp-json\/wp\/v2\/pages\/14\/revisions\/85"}],"wp:attachment":[{"href":"https:\/\/malpracticeturkiye.com\/en\/wp-json\/wp\/v2\/media?parent=14"}],"curies":[{"name":"wp","href":"https:\/\/api.w.org\/{rel}","templated":true}]}}